{"id":672,"date":"2023-12-21T17:23:38","date_gmt":"2023-12-21T17:23:38","guid":{"rendered":"https:\/\/staging.ubm-global.com\/wordpress\/?page_id=672"},"modified":"2025-06-26T08:49:29","modified_gmt":"2025-06-26T06:49:29","slug":"kontakt","status":"publish","type":"page","link":"https:\/\/staging.ubm-global.com\/wordpress\/kontakt\/","title":{"rendered":"Kontakt"},"content":{"rendered":"\t\t<div data-elementor-type=\"wp-page\" data-elementor-id=\"672\" class=\"elementor elementor-672\" data-elementor-post-type=\"page\">\n\t\t\t\t<div class=\"elementor-element elementor-element-314b240 e-flex e-con-boxed e-con e-parent\" data-id=\"314b240\" data-element_type=\"container\" data-e-type=\"container\" data-settings=\"{&quot;background_background&quot;:&quot;classic&quot;}\">\n\t\t\t\t\t<div class=\"e-con-inner\">\n\t\t<div class=\"elementor-element elementor-element-1d52df9 e-con-full e-flex e-con e-child\" data-id=\"1d52df9\" data-element_type=\"container\" data-e-type=\"container\">\n\t\t\t\t<div class=\"elementor-element elementor-element-bc27063 elementor-widget elementor-widget-heading\" data-id=\"bc27063\" data-element_type=\"widget\" data-e-type=\"widget\" data-widget_type=\"heading.default\">\n\t\t\t\t<div class=\"elementor-widget-container\">\n\t\t\t\t\t<h2 class=\"elementor-heading-title elementor-size-default\">Wir sind f\u00fcr Sie da!\u200b<\/h2>\t\t\t\t<\/div>\n\t\t\t\t<\/div>\n\t\t\t\t<div class=\"elementor-element elementor-element-2b29a4f elementor-widget__width-initial elementor-widget elementor-widget-text-editor\" data-id=\"2b29a4f\" data-element_type=\"widget\" data-e-type=\"widget\" data-widget_type=\"text-editor.default\">\n\t\t\t\t<div class=\"elementor-widget-container\">\n\t\t\t\t\t\t\t\t\t<p>Wenn Sie \u00fcber etwas sprechen m\u00f6chten, k\u00f6nnen Sie sich gerne an uns wenden. Auch wenn Sie einfach nur Hallo sagen m\u00f6chten, wir freuen uns auf Ihre Kontaktaufnahme!<\/p>\t\t\t\t\t\t\t\t<\/div>\n\t\t\t\t<\/div>\n\t\t\t\t<\/div>\n\t\t\t\t\t<\/div>\n\t\t\t\t<\/div>\n\t\t\t\t<section class=\"elementor-section elementor-top-section elementor-element elementor-element-6105874a elementor-section-boxed elementor-section-height-default elementor-section-height-default\" data-id=\"6105874a\" data-element_type=\"section\" data-e-type=\"section\" id=\"projekt\">\n\t\t\t\t\t\t<div class=\"elementor-container elementor-column-gap-no\">\n\t\t\t\t\t<div class=\"elementor-column elementor-col-100 elementor-top-column elementor-element elementor-element-1f413067\" data-id=\"1f413067\" data-element_type=\"column\" data-e-type=\"column\">\n\t\t\t<div class=\"elementor-widget-wrap elementor-element-populated\">\n\t\t\t\t\t\t<section class=\"elementor-section elementor-inner-section elementor-element elementor-element-7d766094 elementor-section-boxed elementor-section-height-default elementor-section-height-default\" data-id=\"7d766094\" data-element_type=\"section\" data-e-type=\"section\">\n\t\t\t\t\t\t<div class=\"elementor-container elementor-column-gap-no\">\n\t\t\t\t\t<div class=\"elementor-column elementor-col-50 elementor-inner-column elementor-element elementor-element-6c05ee44\" data-id=\"6c05ee44\" data-element_type=\"column\" data-e-type=\"column\" data-settings=\"{&quot;background_background&quot;:&quot;classic&quot;}\">\n\t\t\t<div class=\"elementor-widget-wrap elementor-element-populated\">\n\t\t\t\t\t\t<div class=\"elementor-element elementor-element-34d74e29 elementor-widget__width-initial elementor-widget elementor-widget-heading\" data-id=\"34d74e29\" data-element_type=\"widget\" data-e-type=\"widget\" data-widget_type=\"heading.default\">\n\t\t\t\t<div class=\"elementor-widget-container\">\n\t\t\t\t\t<h2 class=\"elementor-heading-title elementor-size-default\">Lassen Sie uns Ihr Projekt besprechen<\/h2>\t\t\t\t<\/div>\n\t\t\t\t<\/div>\n\t\t\t\t<div class=\"elementor-element elementor-element-42aa8771 elementor-widget elementor-widget-text-editor\" data-id=\"42aa8771\" data-element_type=\"widget\" data-e-type=\"widget\" data-widget_type=\"text-editor.default\">\n\t\t\t\t<div class=\"elementor-widget-container\">\n\t\t\t\t\t\t\t\t\t<p>Erhalten Sie eine kostenlose Beratung \u2013 unsere Experten w\u00e4hlen die effektivste L\u00f6sung aus<\/p>\t\t\t\t\t\t\t\t<\/div>\n\t\t\t\t<\/div>\n\t\t\t\t\t<\/div>\n\t\t<\/div>\n\t\t\t\t<div class=\"elementor-column elementor-col-50 elementor-inner-column elementor-element elementor-element-5b0d9e71\" data-id=\"5b0d9e71\" data-element_type=\"column\" data-e-type=\"column\">\n\t\t\t<div class=\"elementor-widget-wrap\">\n\t\t\t\t\t\t\t<\/div>\n\t\t<\/div>\n\t\t\t\t\t<\/div>\n\t\t<\/section>\n\t\t\t\t\t<\/div>\n\t\t<\/div>\n\t\t\t\t\t<\/div>\n\t\t<\/section>\n\t\t\t\t<section class=\"elementor-section elementor-top-section elementor-element elementor-element-30734366 elementor-section-boxed elementor-section-height-default elementor-section-height-default\" data-id=\"30734366\" data-element_type=\"section\" data-e-type=\"section\">\n\t\t\t\t\t\t<div class=\"elementor-container elementor-column-gap-default\">\n\t\t\t\t\t<div class=\"elementor-column elementor-col-100 elementor-top-column elementor-element elementor-element-27667590\" data-id=\"27667590\" data-element_type=\"column\" data-e-type=\"column\">\n\t\t\t<div class=\"elementor-widget-wrap elementor-element-populated\">\n\t\t\t\t\t\t<div class=\"elementor-element elementor-element-4c185840 elementor-widget elementor-widget-google_maps\" data-id=\"4c185840\" data-element_type=\"widget\" data-e-type=\"widget\" data-widget_type=\"google_maps.default\">\n\t\t\t\t<div class=\"elementor-widget-container\">\n\t\t\t\t\t\t\t<div class=\"elementor-custom-embed\">\n\t\t\t<iframe loading=\"lazy\"\n\t\t\t\t\tsrc=\"https:\/\/maps.google.com\/maps?q=Siemensstra%C3%9Fe%2024%2C%2085716%20Unterschlei%C3%9Fheim&#038;t=m&#038;z=15&#038;output=embed&#038;iwloc=near\"\n\t\t\t\t\ttitle=\"Siemensstra\u00dfe 24, 85716 Unterschlei\u00dfheim\"\n\t\t\t\t\taria-label=\"Siemensstra\u00dfe 24, 85716 Unterschlei\u00dfheim\"\n\t\t\t><\/iframe>\n\t\t<\/div>\n\t\t\t\t\t\t<\/div>\n\t\t\t\t<\/div>\n\t\t\t\t\t<\/div>\n\t\t<\/div>\n\t\t\t\t\t<\/div>\n\t\t<\/section>\n\t\t\t\t<section class=\"elementor-section elementor-top-section elementor-element elementor-element-4196e934 elementor-section-boxed elementor-section-height-default elementor-section-height-default\" data-id=\"4196e934\" data-element_type=\"section\" data-e-type=\"section\">\n\t\t\t\t\t\t<div class=\"elementor-container elementor-column-gap-default\">\n\t\t\t\t\t<div class=\"elementor-column elementor-col-100 elementor-top-column elementor-element elementor-element-61160d75\" data-id=\"61160d75\" data-element_type=\"column\" data-e-type=\"column\">\n\t\t\t<div class=\"elementor-widget-wrap elementor-element-populated\">\n\t\t\t\t\t\t<section class=\"elementor-section elementor-inner-section elementor-element elementor-element-1482a9c7 elementor-section-boxed elementor-section-height-default elementor-section-height-default\" data-id=\"1482a9c7\" data-element_type=\"section\" data-e-type=\"section\">\n\t\t\t\t\t\t<div class=\"elementor-container elementor-column-gap-default\">\n\t\t\t\t\t<div class=\"elementor-column elementor-col-50 elementor-inner-column elementor-element elementor-element-45eb6f65\" data-id=\"45eb6f65\" data-element_type=\"column\" data-e-type=\"column\">\n\t\t\t<div class=\"elementor-widget-wrap elementor-element-populated\">\n\t\t\t\t\t\t<div class=\"elementor-element elementor-element-38b7275e elementor-widget elementor-widget-heading\" data-id=\"38b7275e\" data-element_type=\"widget\" data-e-type=\"widget\" data-widget_type=\"heading.default\">\n\t\t\t\t<div class=\"elementor-widget-container\">\n\t\t\t\t\t<h2 class=\"elementor-heading-title elementor-size-default\">Unsere\nNiederlassungen<\/h2>\t\t\t\t<\/div>\n\t\t\t\t<\/div>\n\t\t\t\t\t<\/div>\n\t\t<\/div>\n\t\t\t\t<div class=\"elementor-column elementor-col-50 elementor-inner-column elementor-element elementor-element-4b7ec68f\" data-id=\"4b7ec68f\" data-element_type=\"column\" data-e-type=\"column\">\n\t\t\t<div class=\"elementor-widget-wrap elementor-element-populated\">\n\t\t\t\t\t\t<section class=\"elementor-section elementor-inner-section elementor-element elementor-element-11f79a4b elementor-section-boxed elementor-section-height-default elementor-section-height-default\" data-id=\"11f79a4b\" data-element_type=\"section\" data-e-type=\"section\">\n\t\t\t\t\t\t<div class=\"elementor-container elementor-column-gap-default\">\n\t\t\t\t\t<div class=\"elementor-column elementor-col-100 elementor-inner-column elementor-element elementor-element-7f76f46d\" data-id=\"7f76f46d\" data-element_type=\"column\" data-e-type=\"column\">\n\t\t\t<div class=\"elementor-widget-wrap elementor-element-populated\">\n\t\t\t\t\t\t<div class=\"elementor-element elementor-element-486ee08c jkit-equal-height-disable elementor-widget elementor-widget-jkit_icon_box\" data-id=\"486ee08c\" data-element_type=\"widget\" data-e-type=\"widget\" data-widget_type=\"jkit_icon_box.default\">\n\t\t\t\t<div class=\"elementor-widget-container\">\n\t\t\t\t\t<div  class=\"jeg-elementor-kit jkit-icon-box icon-position-left elementor-animation- jeg_module___69f26b77d90fe\" ><div class=\"jkit-icon-box-wrapper hover-from-left\"><div class=\"icon-box icon-box-header elementor-animation-\"><div class=\"icon style-color\"><\/div><\/div><div class=\"icon-box icon-box-body\">\n                <h4 class=\"title\">UBM GmbH Germany<\/h4><p class=\"icon-box-description\">Siemensstrasse 24\nDE-85716 Unterschleissheim\nT: +49 89 3215 2810\nF: +49 89 3215 2811\ngermany@ubm-global.com<\/p>\n            <\/div>\n            \n            <\/div><\/div>\t\t\t\t<\/div>\n\t\t\t\t<\/div>\n\t\t\t\t\t<\/div>\n\t\t<\/div>\n\t\t\t\t\t<\/div>\n\t\t<\/section>\n\t\t\t\t<section class=\"elementor-section elementor-inner-section elementor-element elementor-element-cc429d5 elementor-section-boxed elementor-section-height-default elementor-section-height-default\" data-id=\"cc429d5\" data-element_type=\"section\" data-e-type=\"section\">\n\t\t\t\t\t\t<div class=\"elementor-container elementor-column-gap-default\">\n\t\t\t\t\t<div class=\"elementor-column elementor-col-100 elementor-inner-column elementor-element elementor-element-453455ca\" data-id=\"453455ca\" data-element_type=\"column\" data-e-type=\"column\">\n\t\t\t<div class=\"elementor-widget-wrap elementor-element-populated\">\n\t\t\t\t\t\t<div class=\"elementor-element elementor-element-017b55e jkit-equal-height-disable elementor-widget elementor-widget-jkit_icon_box\" data-id=\"017b55e\" data-element_type=\"widget\" data-e-type=\"widget\" data-widget_type=\"jkit_icon_box.default\">\n\t\t\t\t<div class=\"elementor-widget-container\">\n\t\t\t\t\t<div  class=\"jeg-elementor-kit jkit-icon-box icon-position-left elementor-animation- jeg_module__1_69f26b77da355\" ><div class=\"jkit-icon-box-wrapper hover-from-left\"><div class=\"icon-box icon-box-header elementor-animation-\"><div class=\"icon style-color\"><\/div><\/div><div class=\"icon-box icon-box-body\">\n                <h4 class=\"title\">UBM GmbH Austria<\/h4><p class=\"icon-box-description\">Dorfstra\u00dfe 92\nA-6364 Brixen im Thale\nT: +43 5334 30100\nF: +43 5334 30200\n\u200b\u200b\u200b\u200b\u200b\u200b\u200baustria@ubm-global.com<\/p>\n            <\/div>\n            \n            <\/div><\/div>\t\t\t\t<\/div>\n\t\t\t\t<\/div>\n\t\t\t\t\t<\/div>\n\t\t<\/div>\n\t\t\t\t\t<\/div>\n\t\t<\/section>\n\t\t\t\t<section class=\"elementor-section elementor-inner-section elementor-element elementor-element-4f1f693f elementor-section-boxed elementor-section-height-default elementor-section-height-default\" data-id=\"4f1f693f\" data-element_type=\"section\" data-e-type=\"section\">\n\t\t\t\t\t\t<div class=\"elementor-container elementor-column-gap-default\">\n\t\t\t\t\t<div class=\"elementor-column elementor-col-100 elementor-inner-column elementor-element elementor-element-1201ea91\" data-id=\"1201ea91\" data-element_type=\"column\" data-e-type=\"column\">\n\t\t\t<div class=\"elementor-widget-wrap elementor-element-populated\">\n\t\t\t\t\t\t<div class=\"elementor-element elementor-element-7cce340 jkit-equal-height-disable elementor-widget elementor-widget-jkit_icon_box\" data-id=\"7cce340\" data-element_type=\"widget\" data-e-type=\"widget\" data-widget_type=\"jkit_icon_box.default\">\n\t\t\t\t<div class=\"elementor-widget-container\">\n\t\t\t\t\t<div  class=\"jeg-elementor-kit jkit-icon-box icon-position-left elementor-animation- jeg_module__2_69f26b77db43b\" ><div class=\"jkit-icon-box-wrapper hover-from-left\"><div class=\"icon-box icon-box-header elementor-animation-\"><div class=\"icon style-color\"><\/div><\/div><div class=\"icon-box icon-box-body\">\n                <h4 class=\"title\">UBM GmbH Switzerland<\/h4><p class=\"icon-box-description\">Friedeggstrasse 13\nCH-3400 Burgdorf\nT: +41 34 427 1065\nF: +41 34 427 1066\n\u200b\u200b\u200b\u200b\u200b\u200b\u200bswitzerland@ubm-global.com<\/p>\n            <\/div>\n            \n            <\/div><\/div>\t\t\t\t<\/div>\n\t\t\t\t<\/div>\n\t\t\t\t\t<\/div>\n\t\t<\/div>\n\t\t\t\t\t<\/div>\n\t\t<\/section>\n\t\t\t\t\t<\/div>\n\t\t<\/div>\n\t\t\t\t\t<\/div>\n\t\t<\/section>\n\t\t\t\t\t<\/div>\n\t\t<\/div>\n\t\t\t\t\t<\/div>\n\t\t<\/section>\n\t\t\t\t<\/div>\n\t\t","protected":false},"excerpt":{"rendered":"<p>Wir sind f\u00fcr Sie da!\u200b Wenn Sie \u00fcber etwas sprechen m\u00f6chten, k\u00f6nnen Sie sich gerne an uns wenden. Auch wenn Sie einfach nur Hallo sagen m\u00f6chten, wir freuen uns auf Ihre Kontaktaufnahme! Lassen Sie uns Ihr Projekt besprechen Erhalten Sie eine kostenlose Beratung \u2013 unsere Experten w\u00e4hlen die effektivste L\u00f6sung aus Unsere Niederlassungen UBM GmbH [&hellip;]<\/p>\n","protected":false},"author":1,"featured_media":0,"parent":0,"menu_order":0,"comment_status":"closed","ping_status":"closed","template":"","meta":{"inline_featured_image":false,"footnotes":""},"class_list":["post-672","page","type-page","status-publish","hentry"],"yoast_head":"<!-- This site is optimized with the Yoast SEO plugin v25.3.1 - https:\/\/yoast.com\/wordpress\/plugins\/seo\/ -->\n<title>Kontakt UBM \u2013 Jetzt Beratung oder Demo anfragen<\/title>\n<meta name=\"description\" content=\"Sie haben Fragen oder m\u00f6chten eine Beratung? Kontaktieren Sie UBM \u2013 schnell, pers\u00f6nlich und unverbindlich. Wir freuen uns auf Ihre Nachricht.\" \/>\n<meta name=\"robots\" content=\"noindex, follow, max-snippet:-1, max-image-preview:large, max-video-preview:-1\" \/>\n<meta property=\"og:locale\" content=\"de_DE\" \/>\n<meta property=\"og:type\" content=\"article\" \/>\n<meta property=\"og:title\" content=\"Kontakt UBM \u2013 Jetzt Beratung oder Demo anfragen\" \/>\n<meta property=\"og:description\" content=\"Sie haben Fragen oder m\u00f6chten eine Beratung? Kontaktieren Sie UBM \u2013 schnell, pers\u00f6nlich und unverbindlich. Wir freuen uns auf Ihre Nachricht.\" \/>\n<meta property=\"og:url\" content=\"https:\/\/staging.ubm-global.com\/wordpress\/kontakt\/\" \/>\n<meta property=\"og:site_name\" content=\"UBM - Global\" \/>\n<meta property=\"article:modified_time\" content=\"2025-06-26T06:49:29+00:00\" \/>\n<meta name=\"twitter:card\" content=\"summary_large_image\" \/>\n<meta name=\"twitter:label1\" content=\"Gesch\u00e4tzte Lesezeit\" \/>\n\t<meta name=\"twitter:data1\" content=\"1\u00a0Minute\" \/>\n<script type=\"application\/ld+json\" class=\"yoast-schema-graph\">{\"@context\":\"https:\/\/schema.org\",\"@graph\":[{\"@type\":\"WebPage\",\"@id\":\"https:\/\/staging.ubm-global.com\/wordpress\/kontakt\/\",\"url\":\"https:\/\/staging.ubm-global.com\/wordpress\/kontakt\/\",\"name\":\"Kontakt UBM \u2013 Jetzt Beratung oder Demo anfragen\",\"isPartOf\":{\"@id\":\"https:\/\/staging.ubm-global.com\/wordpress\/#website\"},\"datePublished\":\"2023-12-21T17:23:38+00:00\",\"dateModified\":\"2025-06-26T06:49:29+00:00\",\"description\":\"Sie haben Fragen oder m\u00f6chten eine Beratung? Kontaktieren Sie UBM \u2013 schnell, pers\u00f6nlich und unverbindlich. Wir freuen uns auf Ihre Nachricht.\",\"breadcrumb\":{\"@id\":\"https:\/\/staging.ubm-global.com\/wordpress\/kontakt\/#breadcrumb\"},\"inLanguage\":\"de\",\"potentialAction\":[{\"@type\":\"ReadAction\",\"target\":[\"https:\/\/staging.ubm-global.com\/wordpress\/kontakt\/\"]}]},{\"@type\":\"BreadcrumbList\",\"@id\":\"https:\/\/staging.ubm-global.com\/wordpress\/kontakt\/#breadcrumb\",\"itemListElement\":[{\"@type\":\"ListItem\",\"position\":1,\"name\":\"Startseite\",\"item\":\"https:\/\/staging.ubm-global.com\/wordpress\/\"},{\"@type\":\"ListItem\",\"position\":2,\"name\":\"Kontakt\"}]},{\"@type\":\"WebSite\",\"@id\":\"https:\/\/staging.ubm-global.com\/wordpress\/#website\",\"url\":\"https:\/\/staging.ubm-global.com\/wordpress\/\",\"name\":\"UBM - Global\",\"description\":\"United Business Machines\",\"publisher\":{\"@id\":\"https:\/\/staging.ubm-global.com\/wordpress\/#organization\"},\"potentialAction\":[{\"@type\":\"SearchAction\",\"target\":{\"@type\":\"EntryPoint\",\"urlTemplate\":\"https:\/\/staging.ubm-global.com\/wordpress\/?s={search_term_string}\"},\"query-input\":{\"@type\":\"PropertyValueSpecification\",\"valueRequired\":true,\"valueName\":\"search_term_string\"}}],\"inLanguage\":\"de\"},{\"@type\":\"Organization\",\"@id\":\"https:\/\/staging.ubm-global.com\/wordpress\/#organization\",\"name\":\"UBM - Global\",\"url\":\"https:\/\/staging.ubm-global.com\/wordpress\/\",\"logo\":{\"@type\":\"ImageObject\",\"inLanguage\":\"de\",\"@id\":\"https:\/\/staging.ubm-global.com\/wordpress\/#\/schema\/logo\/image\/\",\"url\":\"https:\/\/staging.ubm-global.com\/wordpress\/wp-content\/uploads\/2023\/12\/ubm_logo.png\",\"contentUrl\":\"https:\/\/staging.ubm-global.com\/wordpress\/wp-content\/uploads\/2023\/12\/ubm_logo.png\",\"width\":102,\"height\":51,\"caption\":\"UBM - Global\"},\"image\":{\"@id\":\"https:\/\/staging.ubm-global.com\/wordpress\/#\/schema\/logo\/image\/\"}}]}<\/script>\n<!-- \/ Yoast SEO plugin. -->","yoast_head_json":{"title":"Kontakt UBM \u2013 Jetzt Beratung oder Demo anfragen","description":"Sie haben Fragen oder m\u00f6chten eine Beratung? Kontaktieren Sie UBM \u2013 schnell, pers\u00f6nlich und unverbindlich. Wir freuen uns auf Ihre Nachricht.","robots":{"index":"noindex","follow":"follow","max-snippet":"max-snippet:-1","max-image-preview":"max-image-preview:large","max-video-preview":"max-video-preview:-1"},"og_locale":"de_DE","og_type":"article","og_title":"Kontakt UBM \u2013 Jetzt Beratung oder Demo anfragen","og_description":"Sie haben Fragen oder m\u00f6chten eine Beratung? Kontaktieren Sie UBM \u2013 schnell, pers\u00f6nlich und unverbindlich. Wir freuen uns auf Ihre Nachricht.","og_url":"https:\/\/staging.ubm-global.com\/wordpress\/kontakt\/","og_site_name":"UBM - Global","article_modified_time":"2025-06-26T06:49:29+00:00","twitter_card":"summary_large_image","twitter_misc":{"Gesch\u00e4tzte Lesezeit":"1\u00a0Minute"},"schema":{"@context":"https:\/\/schema.org","@graph":[{"@type":"WebPage","@id":"https:\/\/staging.ubm-global.com\/wordpress\/kontakt\/","url":"https:\/\/staging.ubm-global.com\/wordpress\/kontakt\/","name":"Kontakt UBM \u2013 Jetzt Beratung oder Demo anfragen","isPartOf":{"@id":"https:\/\/staging.ubm-global.com\/wordpress\/#website"},"datePublished":"2023-12-21T17:23:38+00:00","dateModified":"2025-06-26T06:49:29+00:00","description":"Sie haben Fragen oder m\u00f6chten eine Beratung? Kontaktieren Sie UBM \u2013 schnell, pers\u00f6nlich und unverbindlich. Wir freuen uns auf Ihre Nachricht.","breadcrumb":{"@id":"https:\/\/staging.ubm-global.com\/wordpress\/kontakt\/#breadcrumb"},"inLanguage":"de","potentialAction":[{"@type":"ReadAction","target":["https:\/\/staging.ubm-global.com\/wordpress\/kontakt\/"]}]},{"@type":"BreadcrumbList","@id":"https:\/\/staging.ubm-global.com\/wordpress\/kontakt\/#breadcrumb","itemListElement":[{"@type":"ListItem","position":1,"name":"Startseite","item":"https:\/\/staging.ubm-global.com\/wordpress\/"},{"@type":"ListItem","position":2,"name":"Kontakt"}]},{"@type":"WebSite","@id":"https:\/\/staging.ubm-global.com\/wordpress\/#website","url":"https:\/\/staging.ubm-global.com\/wordpress\/","name":"UBM - Global","description":"United Business Machines","publisher":{"@id":"https:\/\/staging.ubm-global.com\/wordpress\/#organization"},"potentialAction":[{"@type":"SearchAction","target":{"@type":"EntryPoint","urlTemplate":"https:\/\/staging.ubm-global.com\/wordpress\/?s={search_term_string}"},"query-input":{"@type":"PropertyValueSpecification","valueRequired":true,"valueName":"search_term_string"}}],"inLanguage":"de"},{"@type":"Organization","@id":"https:\/\/staging.ubm-global.com\/wordpress\/#organization","name":"UBM - Global","url":"https:\/\/staging.ubm-global.com\/wordpress\/","logo":{"@type":"ImageObject","inLanguage":"de","@id":"https:\/\/staging.ubm-global.com\/wordpress\/#\/schema\/logo\/image\/","url":"https:\/\/staging.ubm-global.com\/wordpress\/wp-content\/uploads\/2023\/12\/ubm_logo.png","contentUrl":"https:\/\/staging.ubm-global.com\/wordpress\/wp-content\/uploads\/2023\/12\/ubm_logo.png","width":102,"height":51,"caption":"UBM - Global"},"image":{"@id":"https:\/\/staging.ubm-global.com\/wordpress\/#\/schema\/logo\/image\/"}}]}},"_links":{"self":[{"href":"https:\/\/staging.ubm-global.com\/wordpress\/wp-json\/wp\/v2\/pages\/672","targetHints":{"allow":["GET"]}}],"collection":[{"href":"https:\/\/staging.ubm-global.com\/wordpress\/wp-json\/wp\/v2\/pages"}],"about":[{"href":"https:\/\/staging.ubm-global.com\/wordpress\/wp-json\/wp\/v2\/types\/page"}],"author":[{"embeddable":true,"href":"https:\/\/staging.ubm-global.com\/wordpress\/wp-json\/wp\/v2\/users\/1"}],"replies":[{"embeddable":true,"href":"https:\/\/staging.ubm-global.com\/wordpress\/wp-json\/wp\/v2\/comments?post=672"}],"version-history":[{"count":88,"href":"https:\/\/staging.ubm-global.com\/wordpress\/wp-json\/wp\/v2\/pages\/672\/revisions"}],"predecessor-version":[{"id":2151,"href":"https:\/\/staging.ubm-global.com\/wordpress\/wp-json\/wp\/v2\/pages\/672\/revisions\/2151"}],"wp:attachment":[{"href":"https:\/\/staging.ubm-global.com\/wordpress\/wp-json\/wp\/v2\/media?parent=672"}],"curies":[{"name":"wp","href":"https:\/\/api.w.org\/{rel}","templated":true}]}}